{"id":135,"date":"2024-10-03T10:48:04","date_gmt":"2024-10-03T10:48:04","guid":{"rendered":"https:\/\/gocoandco.es\/?page_id=135"},"modified":"2025-07-10T07:49:45","modified_gmt":"2025-07-10T07:49:45","slug":"bussines-advance","status":"publish","type":"page","link":"https:\/\/gocoandco.es\/?page_id=135","title":{"rendered":"Dise\u00f1o de Interiores"},"content":{"rendered":"\n<h2 class=\"wp-block-heading has-text-color has-link-color wp-elements-5e9f2f5cbdfc9cf22897996a264995ce\" style=\"color:#775634\">Dise\u00f1amos espacios con intenci\u00f3n<\/h2>\n\n\n\n<h3 class=\"wp-block-heading has-text-color has-link-color wp-elements-e508f945b803e4c9d73ec9df2ffbb9e5\" style=\"color:#775634\">Creamos interiores con alma que reflejan tu marca, tu estilo y lo que quieres transmitir.<\/h3>\n\n\n\n<p><\/p>\n\n\n\n<div class=\"wp-block-buttons is-content-justification-center is-layout-flex wp-container-core-buttons-is-layout-a89b3969 wp-block-buttons-is-layout-flex\">\n<div class=\"wp-block-button\"><a class=\"wp-block-button__link has-background wp-element-button\" href=\"https:\/\/gocoandco.es\/?page_id=68\" style=\"background-color:#c2674a\">\ud83d\udc49 Quiero mi dise\u00f1o<\/a><\/div>\n<\/div>\n\n\n\n<p><\/p>\n\n\n\n<h5 class=\"wp-block-heading has-text-color has-link-color wp-elements-0345ec1384b844e602f2d36bdf0d581d\" style=\"color:#775634\">Interiorismo funcional, est\u00e9tico y emocional<\/h5>\n\n\n\n<p class=\"has-text-color has-link-color wp-elements-39183d6428b31de92b1684db29852644\" style=\"color:#775634\">En Gooco&amp;Co. dise\u00f1amos espacios que hablan por ti. Creamos ambientes \u00fanicos que combinan est\u00e9tica, funcionalidad y personalidad, adapt\u00e1ndonos a cada proyecto y a cada cliente. Desde la conceptualizaci\u00f3n hasta el \u00faltimo detalle, cuidamos todo el proceso para que tu espacio transmita exactamente lo que quieres.<\/p>\n\n\n\n<p class=\"has-text-color has-link-color wp-elements-3a4cc95828737a3c054aaf19d87ebee9\" style=\"color:#775634\"><strong>\u00c1mbitos en los que trabajamos:<\/strong><\/p>\n\n\n\n<p class=\"has-text-color has-link-color wp-elements-7314f14a97ac8674e4f7914aee4432ed\" style=\"color:#775634\">Locales comerciales y oficinas<\/p>\n\n\n\n<p class=\"has-text-color has-link-color wp-elements-d2c55eb93b427c062741fd3d954fab7a\" style=\"color:#775634\">Espacios ef\u00edmeros (stands, pop-ups)<\/p>\n\n\n\n<p class=\"has-text-color has-link-color wp-elements-7b0c05bb6c7c19c5a6ce8b8f21e740d5\" style=\"color:#775634\">Viviendas con alma creativa<\/p>\n\n\n\n<p class=\"has-text-color has-link-color wp-elements-b6ff431423b16755eb782ca805256e0e\" style=\"color:#775634\">Ambientaciones para eventos o sesiones de fotos<\/p>\n\n\n\n<p><\/p>\n\n\n\n<p><\/p>\n\n\n\n<h3 class=\"wp-block-heading has-text-color has-link-color wp-elements-1f127a2462f674262854ef237df14775\" style=\"color:#775634\">Un proceso a tu ritmo, pero con mucha intenci\u00f3n<\/h3>\n\n\n\n<p class=\"has-text-color has-link-color wp-elements-94be1f32d0ebb4401f5e9460237b33b0\" style=\"color:#775634\">\ud83e\udded <strong>Exploramos tus necesidades<\/strong><br>Escuchamos tu idea, analizamos el espacio y entendemos lo que quieres transmitir.<\/p>\n\n\n\n<p class=\"has-text-color has-link-color wp-elements-592d5aa0f94014667c62539adf03c964\" style=\"color:#775634\"><strong>Paso 2:<\/strong><br>\ud83c\udfa8 <strong>Creamos un concepto visual<\/strong><br>Dise\u00f1amos una propuesta con moodboard, distribuci\u00f3n y estilo personalizado.<\/p>\n\n\n\n<p class=\"has-text-color has-link-color wp-elements-c80d0e7d6184f67fc81c03b263ec582a\" style=\"color:#775634\"><strong>Paso 3:<\/strong><br>\ud83d\udee0\ufe0f <strong>Te entregamos una gu\u00eda clara<\/strong><br>Recibes planos, paleta de colores, selecci\u00f3n de materiales y sugerencias de mobiliario.<\/p>\n\n\n\n<p class=\"has-text-color has-link-color wp-elements-fd8717640fa69f3129cb5baa8a038b8d\" style=\"color:#775634\"><strong>Paso 4:<\/strong><br>\ud83d\udcd0 <strong>Acompa\u00f1amiento si lo necesitas<\/strong><br>Podemos ayudarte a ejecutar el proyecto o coordinar a los proveedores.<\/p>\n\n\n\n<p><\/p>\n\n\n\n<h3 class=\"wp-block-heading has-text-color has-link-color wp-elements-67b148ab4c98f9bedd0e8a24ad466d22\" style=\"color:#775634\">Espacios dise\u00f1ados con mimo<\/h3>\n\n\n\n<p><\/p>\n\n\n\n<h2 class=\"wp-block-heading has-text-align-center has-text-color has-link-color wp-elements-21bae9c8f839299709d1383a147b4c46\" style=\"color:#775634\">\u00bfQuieres un espacio que hable por ti?<\/h2>\n\n\n\n<p><\/p>\n\n\n\n<h3 class=\"wp-block-heading has-text-align-center has-text-color has-link-color wp-elements-3f6b8247e41d229d7009835ecb2e6d61\" style=\"color:#775634\">Escr\u00edbenos y cu\u00e9ntanos tu proyecto. Dise\u00f1amos contigo, no para ti.<\/h3>\n\n\n\n<p><\/p>\n\n\n\n<div class=\"wp-block-buttons has-custom-font-size has-small-font-size is-content-justification-center is-layout-flex wp-container-core-buttons-is-layout-a89b3969 wp-block-buttons-is-layout-flex\">\n<div class=\"wp-block-button is-style-fill\"><a class=\"wp-block-button__link has-background has-large-font-size has-custom-font-size wp-element-button\" href=\"https:\/\/gocoandco.es\/?page_id=68\" style=\"background-color:#c2674a\">\ud83d\udc49 Empezar mi dise\u00f1o<\/a><\/div>\n<\/div>\n\n\n\n<p><\/p>\n","protected":false},"excerpt":{"rendered":"<p>Dise\u00f1amos espacios con intenci\u00f3n Creamos interiores con alma que reflejan tu marca, tu estilo y lo que quieres transmitir. Interiorismo funcional, est\u00e9tico y emocional En Gooco&amp;Co. dise\u00f1amos espacios que hablan por ti. Creamos ambientes \u00fanicos que combinan est\u00e9tica, funcionalidad y personalidad, adapt\u00e1ndonos a cada proyecto y a cada cliente. Desde la conceptualizaci\u00f3n hasta el \u00faltimo [&hellip;]<\/p>\n","protected":false},"author":1,"featured_media":0,"parent":0,"menu_order":0,"comment_status":"closed","ping_status":"closed","template":"","meta":{"saved_in_kubio":true,"footnotes":""},"class_list":["post-135","page","type-page","status-publish","hentry"],"kubio_ai_page_context":{"short_desc":"","purpose":"general"},"_links":{"self":[{"href":"https:\/\/gocoandco.es\/index.php?rest_route=\/wp\/v2\/pages\/135","targetHints":{"allow":["GET"]}}],"collection":[{"href":"https:\/\/gocoandco.es\/index.php?rest_route=\/wp\/v2\/pages"}],"about":[{"href":"https:\/\/gocoandco.es\/index.php?rest_route=\/wp\/v2\/types\/page"}],"author":[{"embeddable":true,"href":"https:\/\/gocoandco.es\/index.php?rest_route=\/wp\/v2\/users\/1"}],"replies":[{"embeddable":true,"href":"https:\/\/gocoandco.es\/index.php?rest_route=%2Fwp%2Fv2%2Fcomments&post=135"}],"version-history":[{"count":8,"href":"https:\/\/gocoandco.es\/index.php?rest_route=\/wp\/v2\/pages\/135\/revisions"}],"predecessor-version":[{"id":211,"href":"https:\/\/gocoandco.es\/index.php?rest_route=\/wp\/v2\/pages\/135\/revisions\/211"}],"wp:attachment":[{"href":"https:\/\/gocoandco.es\/index.php?rest_route=%2Fwp%2Fv2%2Fmedia&parent=135"}],"curies":[{"name":"wp","href":"https:\/\/api.w.org\/{rel}","templated":true}]}}