{"id":137,"date":"2024-10-03T10:48:28","date_gmt":"2024-10-03T10:48:28","guid":{"rendered":"https:\/\/gocoandco.es\/?page_id=137"},"modified":"2025-07-10T07:22:27","modified_gmt":"2025-07-10T07:22:27","slug":"eventos","status":"publish","type":"page","link":"https:\/\/gocoandco.es\/?page_id=137","title":{"rendered":"Eventos"},"content":{"rendered":"\n<h2 class=\"wp-block-heading has-text-align-center has-text-color has-link-color wp-elements-2d87fd644108a3296a73575666f2aa27\" style=\"color:#775634\">Creamos experiencias memorables<\/h2>\n\n\n\n<h3 class=\"wp-block-heading has-text-align-center has-text-color has-link-color wp-elements-e9bf19dcd28532f194b3c36561f62a13\" style=\"color:#775634\">Dise\u00f1amos y producimos eventos \u00fanicos desde la idea hasta el \u00faltimo aplauso.<\/h3>\n\n\n\n<p><\/p>\n\n\n\n<div class=\"wp-block-columns is-layout-flex wp-container-core-columns-is-layout-28f84493 wp-block-columns-is-layout-flex\">\n<div class=\"wp-block-column is-layout-flow wp-block-column-is-layout-flow\" style=\"flex-basis:100%\">\n<div class=\"wp-block-group\"><div class=\"wp-block-group__inner-container is-layout-constrained wp-block-group-is-layout-constrained\">\n<div class=\"wp-block-columns is-layout-flex wp-container-core-columns-is-layout-28f84493 wp-block-columns-is-layout-flex\">\n<div class=\"wp-block-column is-vertically-aligned-center is-layout-flow wp-block-column-is-layout-flow\" style=\"flex-basis:100%\"><\/div>\n<\/div>\n<\/div><\/div>\n<\/div>\n<\/div>\n\n\n\n<p class=\"has-text-align-center has-text-color has-link-color wp-elements-57b7ebe6f00de35f1ff76a26a45070f1\" style=\"color:#775634\">En Gooco&amp;Co. dise\u00f1amos eventos con alma, cuidando cada detalle para que vivas una experiencia \u00fanica y sin preocupaciones. Desde festivales hasta fiestas privadas o actos institucionales, nos encargamos de todo: idea creativa, proveedores, decoraci\u00f3n, montaje y coordinaci\u00f3n.<\/p>\n\n\n\n<p class=\"has-text-color has-link-color wp-elements-156c80c3ea60e78c1fdbaa7300e374a2\" style=\"color:#775634\"><strong>Servicios destacados:<\/strong><\/p>\n\n\n\n<ul class=\"wp-block-list\">\n<li class=\"has-text-color has-link-color wp-elements-815473b7d563b53c563eb9278af8a86e\" style=\"color:#775634\">Festivales y ferias tem\u00e1ticas<\/li>\n\n\n\n<li class=\"has-text-color has-link-color wp-elements-a09cfaf4bf76a0a9973a45d589325242\" style=\"color:#775634\">Fiestas privadas y de empresa<\/li>\n\n\n\n<li class=\"has-text-color has-link-color wp-elements-020605784110c9c13b09d15deede6564\" style=\"color:#775634\">Eventos culturales e institucionales<\/li>\n\n\n\n<li class=\"has-text-color has-link-color wp-elements-55dbda38938efa9f805139e155c94128\" style=\"color:#775634\">Activaciones de marca y presentaciones<\/li>\n\n\n\n<li class=\"has-text-color has-link-color wp-elements-4d80d7ebbdd6789c2434add331d97e53\" style=\"color:#775634\">Ambientaci\u00f3n, mobiliario y decoraci\u00f3n<\/li>\n<\/ul>\n\n\n\n<p><\/p>\n\n\n\n<hr class=\"wp-block-separator has-alpha-channel-opacity\"\/>\n\n\n\n<h3 class=\"wp-block-heading has-text-align-center has-text-color has-link-color wp-elements-05390c30f46d9abca35cae45eb2bfb5a\" style=\"color:#775634\">As\u00ed creamos tu evento<\/h3>\n\n\n\n<p class=\"has-text-align-center has-text-color has-link-color wp-elements-fb52b825c87e7e3ff44b9c366318e84e\" style=\"color:#775634\"><strong>Paso 1:<\/strong><br>\ud83d\udcac <strong>Escuchamos tu idea<\/strong><br>Nos reunimos para conocer tu visi\u00f3n, tus objetivos y el p\u00fablico al que te diriges.<\/p>\n\n\n\n<p class=\"has-text-align-center has-text-color has-link-color wp-elements-c82a1107be838b88e7dd254cfe689009\" style=\"color:#775634\"><strong>Paso 2:<\/strong><br>\ud83d\udcdd <strong>Dise\u00f1amos un concepto<\/strong><br>Creamos una propuesta creativa personalizada que se adapta a tus necesidades.<\/p>\n\n\n\n<p class=\"has-text-align-center has-text-color has-link-color wp-elements-b6fbf73ecd88245a6596d3b42699c7d7\" style=\"color:#775634\"><strong>Paso 3:<\/strong><br>\ud83c\udfaf <strong>Coordinamos todos los detalles<\/strong><br>Nos ocupamos de proveedores, permisos, timings, log\u00edstica y producci\u00f3n.<\/p>\n\n\n\n<p class=\"has-text-align-center has-text-color has-link-color wp-elements-e6ade590450506825467dbbd4dd34adf\" style=\"color:#775634\"><strong>Paso 4:<\/strong><br>\ud83c\udf89 <strong>Lo hacemos realidad<\/strong><br>El d\u00eda del evento estamos al frente para que todo fluya, t\u00fa solo disfrutas.<\/p>\n\n\n\n<p><\/p>\n\n\n\n<blockquote class=\"wp-block-quote is-layout-flow wp-block-quote-is-layout-flow\">\n<p class=\"has-text-align-center has-text-color has-link-color wp-elements-2fc9a114b6d45f7d16a76636a082da07\" style=\"color:#775634\">\u201cCon Gooco&amp;Co. no te preocupas de nada. Captaron nuestra idea y la llevaron m\u00e1s all\u00e1. Todo fue perfecto.\u201d<\/p>\n<\/blockquote>\n\n\n\n<blockquote class=\"wp-block-quote is-layout-flow wp-block-quote-is-layout-flow\">\n<blockquote class=\"wp-block-quote is-layout-flow wp-block-quote-is-layout-flow\">\n<p><\/p>\n<\/blockquote>\n<\/blockquote>\n\n\n\n<h3 class=\"wp-block-heading has-text-align-center has-text-color has-link-color wp-elements-d6e36143d547dde46da8770f8646f403\" style=\"color:#775634\">\u00bfEst\u00e1s pensando en organizar un evento?<\/h3>\n\n\n\n<h4 class=\"wp-block-heading has-text-align-center has-text-color has-link-color wp-elements-b8339b06bb3a99385815640a5f46b0d3\" style=\"color:#775634\">Cu\u00e9ntanos tu idea y creamos juntos algo inolvidable.<\/h4>\n\n\n\n<div class=\"wp-block-buttons is-content-justification-center is-layout-flex wp-container-core-buttons-is-layout-a89b3969 wp-block-buttons-is-layout-flex\">\n<div class=\"wp-block-button\"><a class=\"wp-block-button__link has-background wp-element-button\" style=\"background-color:#c2674a\">\ud83d\udc49 Quiero hablar con vosotras<\/a><\/div>\n<\/div>\n\n\n\n<div class=\"wp-block-columns alignwide are-vertically-aligned-center is-layout-flex wp-container-core-columns-is-layout-28f84493 wp-block-columns-is-layout-flex\">\n<div class=\"wp-block-column is-vertically-aligned-center is-layout-flow wp-block-column-is-layout-flow\" style=\"flex-basis:100%\"><\/div>\n<\/div>\n\n\n\n<p><\/p>\n","protected":false},"excerpt":{"rendered":"<p>Creamos experiencias memorables Dise\u00f1amos y producimos eventos \u00fanicos desde la idea hasta el \u00faltimo aplauso. En Gooco&amp;Co. dise\u00f1amos eventos con alma, cuidando cada detalle para que vivas una experiencia \u00fanica y sin preocupaciones. Desde festivales hasta fiestas privadas o actos institucionales, nos encargamos de todo: idea creativa, proveedores, decoraci\u00f3n, montaje y coordinaci\u00f3n. Servicios destacados: As\u00ed [&hellip;]<\/p>\n","protected":false},"author":1,"featured_media":0,"parent":0,"menu_order":0,"comment_status":"closed","ping_status":"closed","template":"","meta":{"saved_in_kubio":true,"footnotes":""},"class_list":["post-137","page","type-page","status-publish","hentry"],"kubio_ai_page_context":{"short_desc":"","purpose":"general"},"_links":{"self":[{"href":"https:\/\/gocoandco.es\/index.php?rest_route=\/wp\/v2\/pages\/137","targetHints":{"allow":["GET"]}}],"collection":[{"href":"https:\/\/gocoandco.es\/index.php?rest_route=\/wp\/v2\/pages"}],"about":[{"href":"https:\/\/gocoandco.es\/index.php?rest_route=\/wp\/v2\/types\/page"}],"author":[{"embeddable":true,"href":"https:\/\/gocoandco.es\/index.php?rest_route=\/wp\/v2\/users\/1"}],"replies":[{"embeddable":true,"href":"https:\/\/gocoandco.es\/index.php?rest_route=%2Fwp%2Fv2%2Fcomments&post=137"}],"version-history":[{"count":4,"href":"https:\/\/gocoandco.es\/index.php?rest_route=\/wp\/v2\/pages\/137\/revisions"}],"predecessor-version":[{"id":202,"href":"https:\/\/gocoandco.es\/index.php?rest_route=\/wp\/v2\/pages\/137\/revisions\/202"}],"wp:attachment":[{"href":"https:\/\/gocoandco.es\/index.php?rest_route=%2Fwp%2Fv2%2Fmedia&parent=137"}],"curies":[{"name":"wp","href":"https:\/\/api.w.org\/{rel}","templated":true}]}}