{"id":144,"date":"2024-10-31T19:14:54","date_gmt":"2024-10-31T19:14:54","guid":{"rendered":"https:\/\/gocoandco.es\/?page_id=144"},"modified":"2024-10-31T19:14:54","modified_gmt":"2024-10-31T19:14:54","slug":"politica-de-cookies","status":"publish","type":"page","link":"https:\/\/gocoandco.es\/?page_id=144","title":{"rendered":"Pol\u00edtica de cookies"},"content":{"rendered":"\n<p><strong>Pol\u00edtica de Cookies de GoCo&amp;Co<\/strong><\/p>\n\n\n\n<p><strong>Fecha de entrada en vigor: <\/strong>01.09.2024<\/p>\n\n\n\n<p>Esta Pol\u00edtica de Cookies explica qu\u00e9 son las cookies, c\u00f3mo utilizamos cookies en nuestro sitio web www.gocoandco.es, y c\u00f3mo puede gestionar sus preferencias de cookies.<\/p>\n\n\n\n<h3 class=\"wp-block-heading\">1. \u00bfQu\u00e9 son las cookies?<\/h3>\n\n\n\n<p>Las cookies son peque\u00f1os archivos de texto que se almacenan en su dispositivo (ordenador, tableta, tel\u00e9fono m\u00f3vil) cuando visita un sitio web. Estas cookies permiten al sitio web reconocer su dispositivo y recordar ciertas informaciones sobre su visita, mejorando su experiencia de navegaci\u00f3n.<\/p>\n\n\n\n<h3 class=\"wp-block-heading\">2. \u00bfC\u00f3mo utilizamos las cookies?<\/h3>\n\n\n\n<p>En GoCo&amp;Co, utilizamos cookies para varios prop\u00f3sitos, incluyendo:<\/p>\n\n\n\n<ul class=\"wp-block-list\">\n<li><strong>Cookies necesarias:<\/strong> Estas cookies son esenciales para el funcionamiento del sitio web y no pueden desactivarse en nuestros sistemas. Se suelen configurar en respuesta a acciones realizadas por usted, como configurar sus preferencias de privacidad, iniciar sesi\u00f3n o completar formularios.<\/li>\n\n\n\n<li><strong>Cookies de rendimiento:<\/strong> Estas cookies nos permiten contar las visitas y las fuentes de tr\u00e1fico, para poder medir y mejorar el rendimiento de nuestro sitio. Nos ayudan a saber qu\u00e9 p\u00e1ginas son las m\u00e1s y menos populares y a ver c\u00f3mo los visitantes se mueven por el sitio.<\/li>\n\n\n\n<li><strong>Cookies de funcionalidad:<\/strong> Estas cookies permiten que el sitio web proporcione funcionalidades mejoradas y personalizaci\u00f3n. Pueden ser establecidas por nosotros o por terceros cuyos servicios hemos a\u00f1adido a nuestras p\u00e1ginas.<\/li>\n\n\n\n<li><strong>Cookies de publicidad:<\/strong> Estas cookies pueden ser establecidas a trav\u00e9s de nuestro sitio por nuestros socios publicitarios. Pueden ser utilizadas por esas empresas para crear un perfil de sus intereses y mostrarle anuncios relevantes en otros sitios.<\/li>\n\n\n\n<li><\/li>\n<\/ul>\n\n\n\n<h3 class=\"wp-block-heading\">3. \u00bfC\u00f3mo gestionar las cookies?<\/h3>\n\n\n\n<p>Usted tiene el derecho de decidir si acepta o rechaza cookies. Puede cambiar sus preferencias de cookies en cualquier momento a trav\u00e9s de su navegador web. La mayor\u00eda de los navegadores le permiten:<\/p>\n\n\n\n<ul class=\"wp-block-list\">\n<li>Ver las cookies que tiene.<\/li>\n\n\n\n<li>Borrar cookies que ya est\u00e1n almacenadas.<\/li>\n\n\n\n<li>Configurar su navegador para que no acepte cookies.<\/li>\n\n\n\n<li>Recibir una notificaci\u00f3n antes de que se almacene una cookie.<\/li>\n<\/ul>\n\n\n\n<p>Para obtener informaci\u00f3n sobre c\u00f3mo gestionar cookies en su navegador, consulte la secci\u00f3n de ayuda de su navegador.<\/p>\n\n\n\n<h3 class=\"wp-block-heading\">4. Cambios a esta Pol\u00edtica de Cookies<\/h3>\n\n\n\n<p>Podemos actualizar esta Pol\u00edtica de Cookies de vez en cuando. Le notificaremos sobre cualquier cambio publicando la nueva pol\u00edtica en nuestro sitio web. Se recomienda revisar esta pol\u00edtica peri\u00f3dicamente para estar al tanto de cualquier cambio.<\/p>\n\n\n\n<h3 class=\"wp-block-heading\">5. Contacto<\/h3>\n\n\n\n<p>Si tiene preguntas sobre esta Pol\u00edtica de Cookies, cont\u00e1ctenos en:<\/p>\n\n\n\n<p><strong>GoCo&amp;Co<\/strong><br>R\u00faa da Industria, 27297 Lugo, Espa\u00f1a<br>info@gocoandco.es<br>664 14 63 95<\/p>\n\n\n\n<p><\/p>\n","protected":false},"excerpt":{"rendered":"<p>Pol\u00edtica de Cookies de GoCo&amp;Co Fecha de entrada en vigor: 01.09.2024 Esta Pol\u00edtica de Cookies explica qu\u00e9 son las cookies, c\u00f3mo utilizamos cookies en nuestro sitio web www.gocoandco.es, y c\u00f3mo puede gestionar sus preferencias de cookies. 1. \u00bfQu\u00e9 son las cookies? Las cookies son peque\u00f1os archivos de texto que se almacenan en su dispositivo (ordenador, [&hellip;]<\/p>\n","protected":false},"author":1,"featured_media":0,"parent":0,"menu_order":0,"comment_status":"closed","ping_status":"closed","template":"","meta":{"saved_in_kubio":false,"footnotes":""},"class_list":["post-144","page","type-page","status-publish","hentry"],"kubio_ai_page_context":{"short_desc":"","purpose":"general"},"_links":{"self":[{"href":"https:\/\/gocoandco.es\/index.php?rest_route=\/wp\/v2\/pages\/144","targetHints":{"allow":["GET"]}}],"collection":[{"href":"https:\/\/gocoandco.es\/index.php?rest_route=\/wp\/v2\/pages"}],"about":[{"href":"https:\/\/gocoandco.es\/index.php?rest_route=\/wp\/v2\/types\/page"}],"author":[{"embeddable":true,"href":"https:\/\/gocoandco.es\/index.php?rest_route=\/wp\/v2\/users\/1"}],"replies":[{"embeddable":true,"href":"https:\/\/gocoandco.es\/index.php?rest_route=%2Fwp%2Fv2%2Fcomments&post=144"}],"version-history":[{"count":1,"href":"https:\/\/gocoandco.es\/index.php?rest_route=\/wp\/v2\/pages\/144\/revisions"}],"predecessor-version":[{"id":145,"href":"https:\/\/gocoandco.es\/index.php?rest_route=\/wp\/v2\/pages\/144\/revisions\/145"}],"wp:attachment":[{"href":"https:\/\/gocoandco.es\/index.php?rest_route=%2Fwp%2Fv2%2Fmedia&parent=144"}],"curies":[{"name":"wp","href":"https:\/\/api.w.org\/{rel}","templated":true}]}}