{"id":195,"date":"2025-07-10T07:04:05","date_gmt":"2025-07-10T07:04:05","guid":{"rendered":"https:\/\/gocoandco.es\/?page_id=195"},"modified":"2026-04-29T11:54:41","modified_gmt":"2026-04-29T11:54:41","slug":"lo-que-hacemos-en-goococo-servicios","status":"publish","type":"page","link":"https:\/\/gocoandco.es\/?page_id=195","title":{"rendered":"Lo que hacemos en Gooco&amp;Co.Servicios"},"content":{"rendered":"\n<p class=\"has-text-color has-link-color wp-elements-942cbd07418f2c38ef660dbeba214bc5\" style=\"color:#775634\">En Gooco&amp;Co. dise\u00f1amos experiencias, marcas y espacios con alma. Trabajamos desde la creatividad, la estrategia y el detalle para que cada proyecto transmita, conecte y deje huella.<\/p>\n\n\n\n<p class=\"has-text-color has-link-color wp-elements-15332f14acdabb21c6dbcfd20b1de5fc\" style=\"color:#775634\">Descubre todo lo que podemos hacer por ti:<\/p>\n\n\n\n<p class=\"has-text-color has-link-color wp-elements-432101df73ef0ff7399ed36eaa638366\" style=\"color:#775634\"><\/p>\n\n\n\n<h4 class=\"wp-block-heading has-text-color has-link-color wp-elements-1979cd9132844924434cc00a7a577341\" style=\"color:#775634\">1. <strong>Eventos que se viven<\/strong><\/h4>\n\n\n\n<p class=\"has-text-color has-link-color wp-elements-86b24719e7380ed9613b17d6893262af\" style=\"color:#775634\">Creamos eventos memorables, desde la idea hasta la \u00faltima copa. Nos encargamos de la producci\u00f3n completa: concepto, decoraci\u00f3n, proveedores, montaje y coordinaci\u00f3n. Desde festivales como la Burger Cup hasta eventos institucionales o fiestas privadas.<\/p>\n\n\n\n<div class=\"wp-block-buttons is-content-justification-center is-layout-flex wp-container-core-buttons-is-layout-a89b3969 wp-block-buttons-is-layout-flex\">\n<div class=\"wp-block-button\"><a class=\"wp-block-button__link has-background wp-element-button\" style=\"background-color:#c2674a\">\ud83d\udc49 Ver m\u00e1s sobre nuestros eventos<\/a><\/div>\n<\/div>\n\n\n\n<h4 class=\"wp-block-heading has-text-color has-link-color wp-elements-371e5d9a1100161ea3c71b4666067cb2\" style=\"color:#775634\">.<strong>3. Dise\u00f1o de interiores<\/strong><\/h4>\n\n\n\n<p class=\"has-text-color has-link-color wp-elements-2b8b0dd9b4021f3f233e437ba0bc716f\" style=\"color:#775634\">Espacios con car\u00e1cter, funcionales y bonitos. Creamos interiores que transmiten lo que eres: desde locales y oficinas hasta espacios ef\u00edmeros y viviendas creativas. Moodboards, planos, selecci\u00f3n de materiales y acompa\u00f1amiento personalizado.<\/p>\n\n\n\n<div class=\"wp-block-buttons is-content-justification-center is-layout-flex wp-container-core-buttons-is-layout-a89b3969 wp-block-buttons-is-layout-flex\">\n<div class=\"wp-block-button\"><a class=\"wp-block-button__link has-background wp-element-button\" href=\"https:\/\/gocoandco.es\/?page_id=135\" style=\"background-color:#c2674a\">\ud83d\udc49 Ver m\u00e1s sobre dise\u00f1o de interiores<\/a><\/div>\n<\/div>\n\n\n\n<p><\/p>\n\n\n\n<p><\/p>\n\n\n\n<h3 class=\"wp-block-heading has-text-align-center\">\u00bfTienes una idea en mente?<\/h3>\n\n\n\n<h5 class=\"wp-block-heading has-text-align-center\">Cu\u00e9ntanos qu\u00e9 necesitas y vemos c\u00f3mo hacerlo realidad.<br>En Gooco&amp;Co. dise\u00f1amos contigo, no para ti.<\/h5>\n\n\n\n<p><\/p>\n\n\n\n<div class=\"wp-block-buttons is-content-justification-center is-layout-flex wp-container-core-buttons-is-layout-a89b3969 wp-block-buttons-is-layout-flex\">\n<div class=\"wp-block-button\"><a class=\"wp-block-button__link has-background wp-element-button\" href=\"https:\/\/gocoandco.es\/?page_id=68\" style=\"background-color:#c2674a\">\ud83d\udc49 Hablemos<\/a><\/div>\n<\/div>\n\n\n\n<p><\/p>\n","protected":false},"excerpt":{"rendered":"<p>En Gooco&amp;Co. dise\u00f1amos experiencias, marcas y espacios con alma. Trabajamos desde la creatividad, la estrategia y el detalle para que cada proyecto transmita, conecte y deje huella. Descubre todo lo que podemos hacer por ti: 1. Eventos que se viven Creamos eventos memorables, desde la idea hasta la \u00faltima copa. Nos encargamos de la producci\u00f3n [&hellip;]<\/p>\n","protected":false},"author":1,"featured_media":0,"parent":0,"menu_order":0,"comment_status":"closed","ping_status":"closed","template":"","meta":{"saved_in_kubio":true,"footnotes":""},"class_list":["post-195","page","type-page","status-publish","hentry"],"kubio_ai_page_context":{"short_desc":"","purpose":"general"},"_links":{"self":[{"href":"https:\/\/gocoandco.es\/index.php?rest_route=\/wp\/v2\/pages\/195","targetHints":{"allow":["GET"]}}],"collection":[{"href":"https:\/\/gocoandco.es\/index.php?rest_route=\/wp\/v2\/pages"}],"about":[{"href":"https:\/\/gocoandco.es\/index.php?rest_route=\/wp\/v2\/types\/page"}],"author":[{"embeddable":true,"href":"https:\/\/gocoandco.es\/index.php?rest_route=\/wp\/v2\/users\/1"}],"replies":[{"embeddable":true,"href":"https:\/\/gocoandco.es\/index.php?rest_route=%2Fwp%2Fv2%2Fcomments&post=195"}],"version-history":[{"count":6,"href":"https:\/\/gocoandco.es\/index.php?rest_route=\/wp\/v2\/pages\/195\/revisions"}],"predecessor-version":[{"id":239,"href":"https:\/\/gocoandco.es\/index.php?rest_route=\/wp\/v2\/pages\/195\/revisions\/239"}],"wp:attachment":[{"href":"https:\/\/gocoandco.es\/index.php?rest_route=%2Fwp%2Fv2%2Fmedia&parent=195"}],"curies":[{"name":"wp","href":"https:\/\/api.w.org\/{rel}","templated":true}]}}